{"id":10719,"date":"2025-04-10T07:31:32","date_gmt":"2025-04-10T10:31:32","guid":{"rendered":"https:\/\/2025.campal.com.br\/?page_id=10719"},"modified":"2025-04-10T07:59:54","modified_gmt":"2025-04-10T10:59:54","slug":"assessoria-juridica-previdenciaria","status":"publish","type":"page","link":"https:\/\/www.campal.com.br\/site\/solucoes\/assessoria-juridica\/assessoria-juridica-previdenciaria\/","title":{"rendered":"Assessoria Jur\u00eddica &#8211; Previdenci\u00e1ria"},"content":{"rendered":"\t\t<div data-elementor-type=\"wp-page\" data-elementor-id=\"10719\" class=\"elementor elementor-10719\" data-elementor-settings=\"{&quot;element_pack_global_tooltip_width&quot;:{&quot;unit&quot;:&quot;px&quot;,&quot;size&quot;:&quot;&quot;,&quot;sizes&quot;:[]},&quot;element_pack_global_tooltip_width_tablet&quot;:{&quot;unit&quot;:&quot;px&quot;,&quot;size&quot;:&quot;&quot;,&quot;sizes&quot;:[]},&quot;element_pack_global_tooltip_width_mobile&quot;:{&quot;unit&quot;:&quot;px&quot;,&quot;size&quot;:&quot;&quot;,&quot;sizes&quot;:[]},&quot;element_pack_global_tooltip_padding&quot;:{&quot;unit&quot;:&quot;px&quot;,&quot;top&quot;:&quot;&quot;,&quot;right&quot;:&quot;&quot;,&quot;bottom&quot;:&quot;&quot;,&quot;left&quot;:&quot;&quot;,&quot;isLinked&quot;:true},&quot;element_pack_global_tooltip_padding_tablet&quot;:{&quot;unit&quot;:&quot;px&quot;,&quot;top&quot;:&quot;&quot;,&quot;right&quot;:&quot;&quot;,&quot;bottom&quot;:&quot;&quot;,&quot;left&quot;:&quot;&quot;,&quot;isLinked&quot;:true},&quot;element_pack_global_tooltip_padding_mobile&quot;:{&quot;unit&quot;:&quot;px&quot;,&quot;top&quot;:&quot;&quot;,&quot;right&quot;:&quot;&quot;,&quot;bottom&quot;:&quot;&quot;,&quot;left&quot;:&quot;&quot;,&quot;isLinked&quot;:true},&quot;element_pack_global_tooltip_border_radius&quot;:{&quot;unit&quot;:&quot;px&quot;,&quot;top&quot;:&quot;&quot;,&quot;right&quot;:&quot;&quot;,&quot;bottom&quot;:&quot;&quot;,&quot;left&quot;:&quot;&quot;,&quot;isLinked&quot;:true},&quot;element_pack_global_tooltip_border_radius_tablet&quot;:{&quot;unit&quot;:&quot;px&quot;,&quot;top&quot;:&quot;&quot;,&quot;right&quot;:&quot;&quot;,&quot;bottom&quot;:&quot;&quot;,&quot;left&quot;:&quot;&quot;,&quot;isLinked&quot;:true},&quot;element_pack_global_tooltip_border_radius_mobile&quot;:{&quot;unit&quot;:&quot;px&quot;,&quot;top&quot;:&quot;&quot;,&quot;right&quot;:&quot;&quot;,&quot;bottom&quot;:&quot;&quot;,&quot;left&quot;:&quot;&quot;,&quot;isLinked&quot;:true}}\" data-elementor-post-type=\"page\">\n\t\t\t\t<div class=\"elementor-element elementor-element-f115afd e-con-full e-flex e-con e-parent\" data-id=\"f115afd\" data-element_type=\"container\" data-e-type=\"container\">\n\t\t\t\t<div class=\"elementor-element elementor-element-3d420db elementor-widget elementor-widget-template\" data-id=\"3d420db\" data-element_type=\"widget\" data-e-type=\"widget\" data-widget_type=\"template.default\">\n\t\t\t\t<div class=\"elementor-widget-container\">\n\t\t\t\t\t\t\t<div class=\"elementor-template\">\r\n\t\t\t\t\t<div data-elementor-type=\"section\" data-elementor-id=\"10708\" class=\"elementor elementor-10708\" data-elementor-post-type=\"elementor_library\">\r\n\t\t\t\t\t<div class=\"elementor-section elementor-top-section elementor-element elementor-element-39a1d967 elementor-section-boxed elementor-section-height-default elementor-section-height-default\" data-id=\"39a1d967\" data-element_type=\"section\" data-e-type=\"section\" data-settings=\"{&quot;background_background&quot;:&quot;classic&quot;}\">\n\t\t\t\t\t\t\t<div class=\"elementor-background-overlay\"><\/div>\n\t\t\t\t\t\t\t<div class=\"elementor-container elementor-column-gap-default\">\n\t\t\t\t\t<div class=\"elementor-column elementor-col-100 elementor-top-column elementor-element elementor-element-7a853f56\" data-id=\"7a853f56\" data-element_type=\"column\" data-e-type=\"column\">\n\t\t\t<div class=\"elementor-widget-wrap elementor-element-populated\">\n\t\t\t\t\t\t<div class=\"elementor-element elementor-element-3cb79bda elementor-widget__width-initial elementor-widget-tablet__width-initial elementor-widget-mobile__width-inherit elementor-invisible elementor-widget elementor-widget-heading\" data-id=\"3cb79bda\" data-element_type=\"widget\" data-e-type=\"widget\" data-settings=\"{&quot;_animation&quot;:&quot;fadeInUp&quot;,&quot;_animation_delay&quot;:600}\" data-widget_type=\"heading.default\">\n\t\t\t\t<div class=\"elementor-widget-container\">\n\t\t\t\t\t<h1 class=\"elementor-heading-title elementor-size-default\">Assessoria Jur\u00eddica<\/h1>\t\t\t\t<\/div>\n\t\t\t\t<\/div>\n\t\t\t\t<div class=\"elementor-element elementor-element-462c7198 elementor-widget__width-initial elementor-widget-tablet__width-initial elementor-invisible elementor-widget elementor-widget-text-editor\" data-id=\"462c7198\" data-element_type=\"widget\" data-e-type=\"widget\" data-settings=\"{&quot;_animation&quot;:&quot;fadeInUp&quot;,&quot;_animation_delay&quot;:750}\" data-widget_type=\"text-editor.default\">\n\t\t\t\t<div class=\"elementor-widget-container\">\n\t\t\t\t\t\t\t\t\t<p>Equipe especialista em consultoria, advocacia empresarial, acompanhamento de processos trabalhistas e previdenci\u00e1rios e abertura e legaliza\u00e7\u00e3o de neg\u00f3cios.<\/p>\t\t\t\t\t\t\t\t<\/div>\n\t\t\t\t<\/div>\n\t\t\t\t<div class=\"elementor-element elementor-element-20c4dc34 elementor-widget elementor-widget-spacer\" data-id=\"20c4dc34\" data-element_type=\"widget\" data-e-type=\"widget\" data-widget_type=\"spacer.default\">\n\t\t\t\t<div class=\"elementor-widget-container\">\n\t\t\t\t\t\t\t<div class=\"elementor-spacer\">\n\t\t\t<div class=\"elementor-spacer-inner\"><\/div>\n\t\t<\/div>\n\t\t\t\t\t\t<\/div>\n\t\t\t\t<\/div>\n\t\t\t\t<div class=\"elementor-element elementor-element-478d6fa elementor-widget__width-auto elementor-invisible elementor-widget elementor-widget-button\" data-id=\"478d6fa\" data-element_type=\"widget\" data-e-type=\"widget\" data-settings=\"{&quot;_animation&quot;:&quot;fadeInUp&quot;,&quot;_animation_delay&quot;:900}\" data-widget_type=\"button.default\">\n\t\t\t\t<div class=\"elementor-widget-container\">\n\t\t\t\t\t\t\t\t\t<div class=\"elementor-button-wrapper\">\n\t\t\t\t\t<a class=\"elementor-button elementor-button-link elementor-size-sm\" href=\"#elementor-action%3Aaction%3Dpopup%3Aopen%26settings%3DeyJpZCI6IjEwODcwIiwidG9nZ2xlIjpmYWxzZX0%3D\">\n\t\t\t\t\t\t<span class=\"elementor-button-content-wrapper\">\n\t\t\t\t\t\t\t\t\t<span class=\"elementor-button-text\">Solicite um contato<\/span>\n\t\t\t\t\t<\/span>\n\t\t\t\t\t<\/a>\n\t\t\t\t<\/div>\n\t\t\t\t\t\t\t\t<\/div>\n\t\t\t\t<\/div>\n\t\t\t\t\t<\/div>\n\t\t<\/div>\n\t\t\t\t\t<\/div>\n\t\t<\/div>\n\t\t<div class=\"elementor-element elementor-element-d65142d e-flex e-con-boxed e-con e-parent\" data-id=\"d65142d\" data-element_type=\"container\" data-e-type=\"container\" data-settings=\"{&quot;background_background&quot;:&quot;classic&quot;}\">\n\t\t\t\t\t<div class=\"e-con-inner\">\n\t\t\t\t<div class=\"elementor-element elementor-element-a6fa68b bdt-navbar-style-4 elementor-widget__width-inherit elementor-widget elementor-widget-bdt-navbar\" data-id=\"a6fa68b\" data-element_type=\"widget\" data-e-type=\"widget\" data-widget_type=\"bdt-navbar.default\">\n\t\t\t\t<div class=\"elementor-widget-container\">\n\t\t\t\t\t\t\t<div class=\"bdt-auto-hide-menu bdt-navbar-wrapper\">\n\t\t\t<nav class=\"bdt-navbar-container bdt-navbar bdt-navbar-transparent bdt-cd-secondary-nav\" data-bdt-navbar=\"{&quot;align&quot;:&quot;left&quot;,&quot;delay-hide&quot;:800,&quot;duration&quot;:200}\">\n\t\t\t\t<ul class=\"bdt-navbar-nav \"><li style=\"\" data-id=\"10723\"><a href=\"https:\/\/www.campal.com.br\/site\/solucoes\/assessoria-juridica\/assessoria-juridica-trabalhista\/\">Trabalhista<\/a><\/li><li style=\"\" data-id=\"10722\"><a href=\"https:\/\/www.campal.com.br\/site\/solucoes\/assessoria-juridica\/assessoria-juridica-previdenciaria\/\">Previdenci\u00e1ria<\/a><\/li><\/ul>\t\t\t<\/nav>\n\t\t<\/div>\n\t\t\t\t\t\t<\/div>\n\t\t\t\t<\/div>\n\t\t\t\t\t<\/div>\n\t\t\t\t<\/div>\n\t\t\t\t<\/div>\r\n\t\t\t\t<\/div>\r\n\t\t\t\t\t\t<\/div>\n\t\t\t\t<\/div>\n\t\t\t\t<\/div>\n\t\t\t\t<section class=\"elementor-section elementor-top-section elementor-element elementor-element-25223275 elementor-section-boxed elementor-section-height-default elementor-section-height-default\" data-id=\"25223275\" data-element_type=\"section\" data-e-type=\"section\">\n\t\t\t\t\t\t<div class=\"elementor-container elementor-column-gap-default\">\n\t\t\t\t\t<div class=\"elementor-column elementor-col-50 elementor-top-column elementor-element elementor-element-2da1f412\" data-id=\"2da1f412\" data-element_type=\"column\" data-e-type=\"column\">\n\t\t\t<div class=\"elementor-widget-wrap elementor-element-populated\">\n\t\t\t\t\t\t<div class=\"elementor-element elementor-element-2170255f elementor-invisible elementor-widget elementor-widget-heading\" data-id=\"2170255f\" data-element_type=\"widget\" data-e-type=\"widget\" data-settings=\"{&quot;_animation&quot;:&quot;fadeInDown&quot;,&quot;_animation_delay&quot;:&quot;0&quot;}\" data-widget_type=\"heading.default\">\n\t\t\t\t<div class=\"elementor-widget-container\">\n\t\t\t\t\t<h2 class=\"elementor-heading-title elementor-size-default\">Pensada para oferecer seguran\u00e7a e respaldo completo<\/h2>\t\t\t\t<\/div>\n\t\t\t\t<\/div>\n\t\t\t\t<div class=\"elementor-element elementor-element-23928ab elementor-invisible elementor-widget elementor-widget-text-editor\" data-id=\"23928ab\" data-element_type=\"widget\" data-e-type=\"widget\" data-settings=\"{&quot;_animation&quot;:&quot;fadeInDown&quot;,&quot;_animation_delay&quot;:&quot;0&quot;}\" data-widget_type=\"text-editor.default\">\n\t\t\t\t<div class=\"elementor-widget-container\">\n\t\t\t\t\t\t\t\t\t<p>Nossa assessoria previdenci\u00e1ria busca garantir que sua empresa esteja em dia com suas obriga\u00e7\u00f5es legais, otimizando custos e evitando autua\u00e7\u00f5es. Atuamos tanto de forma consultiva quanto em processos administrativos, sempre com foco em seguran\u00e7a e planejamento.<\/p>\t\t\t\t\t\t\t\t<\/div>\n\t\t\t\t<\/div>\n\t\t\t\t\t<\/div>\n\t\t<\/div>\n\t\t\t\t<div class=\"elementor-column elementor-col-50 elementor-top-column elementor-element elementor-element-7fc494df elementor-invisible\" data-id=\"7fc494df\" data-element_type=\"column\" data-e-type=\"column\" data-settings=\"{&quot;animation&quot;:&quot;fadeInDown&quot;,&quot;animation_delay&quot;:200}\">\n\t\t\t<div class=\"elementor-widget-wrap elementor-element-populated\">\n\t\t\t\t\t\t<div class=\"elementor-element elementor-element-67a9556 ep-parallax-effects-yes elementor-invisible elementor-widget elementor-widget-image\" data-id=\"67a9556\" data-element_type=\"widget\" data-e-type=\"widget\" data-settings=\"{&quot;ep_parallax_effects_show&quot;:&quot;yes&quot;,&quot;ep_parallax_effects_y&quot;:&quot;yes&quot;,&quot;ep_parallax_effects_y_start&quot;:{&quot;unit&quot;:&quot;px&quot;,&quot;size&quot;:0,&quot;sizes&quot;:[]},&quot;ep_parallax_effects_y_end&quot;:{&quot;unit&quot;:&quot;px&quot;,&quot;size&quot;:100,&quot;sizes&quot;:[]},&quot;ep_parallax_effects_media_query&quot;:&quot;@l&quot;,&quot;_animation&quot;:&quot;fadeInRight&quot;,&quot;_animation_delay&quot;:&quot;200&quot;,&quot;ep_parallax_effects_rotate_start&quot;:{&quot;unit&quot;:&quot;px&quot;,&quot;size&quot;:&quot;&quot;,&quot;sizes&quot;:[]},&quot;ep_parallax_effects_rotate_end&quot;:{&quot;unit&quot;:&quot;px&quot;,&quot;size&quot;:&quot;&quot;,&quot;sizes&quot;:[]},&quot;ep_parallax_effects_scale_start&quot;:{&quot;unit&quot;:&quot;px&quot;,&quot;size&quot;:1,&quot;sizes&quot;:[]},&quot;ep_parallax_effects_scale_end&quot;:{&quot;unit&quot;:&quot;px&quot;,&quot;size&quot;:1,&quot;sizes&quot;:[]},&quot;ep_parallax_effects_hue_value&quot;:{&quot;unit&quot;:&quot;px&quot;,&quot;size&quot;:&quot;&quot;,&quot;sizes&quot;:[]},&quot;ep_parallax_effects_sepia_value&quot;:{&quot;unit&quot;:&quot;px&quot;,&quot;size&quot;:1,&quot;sizes&quot;:[]},&quot;ep_parallax_effects_easing_value&quot;:{&quot;unit&quot;:&quot;px&quot;,&quot;size&quot;:1,&quot;sizes&quot;:[]},&quot;ep_parallax_effects_target&quot;:&quot;self&quot;}\" data-widget_type=\"image.default\">\n\t\t\t\t<div class=\"elementor-widget-container\">\n\t\t\t\t\t\t\t\t\t\t\t\t\t\t\t<img fetchpriority=\"high\" decoding=\"async\" width=\"500\" height=\"500\" src=\"https:\/\/www.campal.com.br\/site\/wp-content\/uploads\/Solucoes-Juridicas-Previdenciaria.jpg\" class=\"attachment-full size-full wp-image-10745\" alt=\"\" \/>\t\t\t\t\t\t\t\t\t\t\t\t\t\t\t<\/div>\n\t\t\t\t<\/div>\n\t\t\t\t<div class=\"elementor-element elementor-element-2aa129fe elementor-widget__width-initial elementor-absolute elementor-widget-tablet__width-initial elementor-widget-mobile__width-initial elementor-widget elementor-widget-spacer\" data-id=\"2aa129fe\" data-element_type=\"widget\" data-e-type=\"widget\" data-settings=\"{&quot;_position&quot;:&quot;absolute&quot;,&quot;_animation_delay&quot;:&quot;200&quot;}\" data-widget_type=\"spacer.default\">\n\t\t\t\t<div class=\"elementor-widget-container\">\n\t\t\t\t\t\t\t<div class=\"elementor-spacer\">\n\t\t\t<div class=\"elementor-spacer-inner\"><\/div>\n\t\t<\/div>\n\t\t\t\t\t\t<\/div>\n\t\t\t\t<\/div>\n\t\t\t\t<div class=\"elementor-element elementor-element-5ae76df4 elementor-widget__width-initial elementor-absolute elementor-widget-tablet__width-initial elementor-widget-mobile__width-initial ep-parallax-effects-yes elementor-widget elementor-widget-spacer\" data-id=\"5ae76df4\" data-element_type=\"widget\" data-e-type=\"widget\" data-settings=\"{&quot;_position&quot;:&quot;absolute&quot;,&quot;ep_parallax_effects_show&quot;:&quot;yes&quot;,&quot;ep_parallax_effects_y&quot;:&quot;yes&quot;,&quot;ep_parallax_effects_y_start&quot;:{&quot;unit&quot;:&quot;px&quot;,&quot;size&quot;:0,&quot;sizes&quot;:[]},&quot;ep_parallax_effects_y_end&quot;:{&quot;unit&quot;:&quot;px&quot;,&quot;size&quot;:-260,&quot;sizes&quot;:[]},&quot;ep_parallax_effects_media_query&quot;:&quot;@l&quot;,&quot;_animation_delay&quot;:&quot;200&quot;,&quot;ep_parallax_effects_rotate_start&quot;:{&quot;unit&quot;:&quot;px&quot;,&quot;size&quot;:&quot;&quot;,&quot;sizes&quot;:[]},&quot;ep_parallax_effects_rotate_end&quot;:{&quot;unit&quot;:&quot;px&quot;,&quot;size&quot;:&quot;&quot;,&quot;sizes&quot;:[]},&quot;ep_parallax_effects_scale_start&quot;:{&quot;unit&quot;:&quot;px&quot;,&quot;size&quot;:1,&quot;sizes&quot;:[]},&quot;ep_parallax_effects_scale_end&quot;:{&quot;unit&quot;:&quot;px&quot;,&quot;size&quot;:1,&quot;sizes&quot;:[]},&quot;ep_parallax_effects_hue_value&quot;:{&quot;unit&quot;:&quot;px&quot;,&quot;size&quot;:&quot;&quot;,&quot;sizes&quot;:[]},&quot;ep_parallax_effects_sepia_value&quot;:{&quot;unit&quot;:&quot;px&quot;,&quot;size&quot;:1,&quot;sizes&quot;:[]},&quot;ep_parallax_effects_easing_value&quot;:{&quot;unit&quot;:&quot;px&quot;,&quot;size&quot;:1,&quot;sizes&quot;:[]},&quot;ep_parallax_effects_target&quot;:&quot;self&quot;}\" data-widget_type=\"spacer.default\">\n\t\t\t\t<div class=\"elementor-widget-container\">\n\t\t\t\t\t\t\t<div class=\"elementor-spacer\">\n\t\t\t<div class=\"elementor-spacer-inner\"><\/div>\n\t\t<\/div>\n\t\t\t\t\t\t<\/div>\n\t\t\t\t<\/div>\n\t\t\t\t\t<\/div>\n\t\t<\/div>\n\t\t\t\t\t<\/div>\n\t\t<\/section>\n\t\t<div class=\"elementor-element elementor-element-7849d3ba e-flex e-con-boxed e-con e-parent\" data-id=\"7849d3ba\" data-element_type=\"container\" data-e-type=\"container\" id=\"societario\" data-settings=\"{&quot;background_background&quot;:&quot;classic&quot;}\">\n\t\t\t\t\t<div class=\"e-con-inner\">\n\t\t<div class=\"elementor-element elementor-element-6a1b5652 e-con-full e-flex e-con e-child\" data-id=\"6a1b5652\" data-element_type=\"container\" data-e-type=\"container\">\n\t\t\t\t<div class=\"elementor-element elementor-element-15fe0cb3 ui-e-icon-right elementor-widget__width-inherit ui-e-left elementor-align-left elementor-invisible elementor-widget elementor-widget-uicore-icon-list\" data-id=\"15fe0cb3\" data-element_type=\"widget\" data-e-type=\"widget\" data-settings=\"{&quot;_animation_delay&quot;:&quot;300&quot;,&quot;_animation&quot;:&quot;fadeInUp&quot;}\" data-widget_type=\"uicore-icon-list.default\">\n\t\t\t\t<div class=\"elementor-widget-container\">\n\t\t\t\t\t        <ul>\n                            <li >\n\n                    <div class=\"ui-e-wrap\">\n                    \n                    \n                    <div class=\"ui-e-content\">\n                        <h4 class=\"ui-e-title\">\n                            Revis\u00e3o de enquadramentos e obriga\u00e7\u00f5es previdenci\u00e1rias                        <\/h4>\n                        <p class=\"ui-e-text\"> Avalia\u00e7\u00e3o da correta classifica\u00e7\u00e3o de cargos, v\u00ednculos e recolhimentos de INSS. <\/p>\n                    <\/div>\n\n                    \n                    <\/div>\n                <\/li>\n                            <li >\n\n                    <div class=\"ui-e-wrap\">\n                    \n                    \n                    <div class=\"ui-e-content\">\n                        <h4 class=\"ui-e-title\">\n                            Consultoria sobre aposentadorias especiais e benef\u00edcios                        <\/h4>\n                        <p class=\"ui-e-text\"> Apoio t\u00e9cnico na an\u00e1lise de direitos relacionados a aposentadorias, pens\u00f5es e outros benef\u00edcios. <\/p>\n                    <\/div>\n\n                    \n                    <\/div>\n                <\/li>\n                            <li >\n\n                    <div class=\"ui-e-wrap\">\n                    \n                    \n                    <div class=\"ui-e-content\">\n                        <h4 class=\"ui-e-title\">\n                            Avalia\u00e7\u00e3o e acompanhamento de afastamentos                        <\/h4>\n                        <p class=\"ui-e-text\"> Suporte em casos de aux\u00edlio-doen\u00e7a, acidente de trabalho e outros eventos previdenci\u00e1rios. <\/p>\n                    <\/div>\n\n                    \n                    <\/div>\n                <\/li>\n                    <\/ul>\n\t\t\t\t<\/div>\n\t\t\t\t<\/div>\n\t\t\t\t<div class=\"elementor-element elementor-element-9f0ed89 ui-e-icon-right elementor-widget__width-inherit ui-e-left elementor-align-left elementor-invisible elementor-widget elementor-widget-uicore-icon-list\" data-id=\"9f0ed89\" data-element_type=\"widget\" data-e-type=\"widget\" data-settings=\"{&quot;_animation_delay&quot;:&quot;300&quot;,&quot;_animation&quot;:&quot;fadeInUp&quot;}\" data-widget_type=\"uicore-icon-list.default\">\n\t\t\t\t<div class=\"elementor-widget-container\">\n\t\t\t\t\t        <ul>\n                            <li >\n\n                    <div class=\"ui-e-wrap\">\n                    \n                    \n                    <div class=\"ui-e-content\">\n                        <h4 class=\"ui-e-title\">\n                            Planejamento previdenci\u00e1rio empresarial                        <\/h4>\n                        <p class=\"ui-e-text\"> Estrat\u00e9gias para adequar a empresa \u00e0s melhores pr\u00e1ticas legais, com economia e efici\u00eancia. <\/p>\n                    <\/div>\n\n                    \n                    <\/div>\n                <\/li>\n                            <li >\n\n                    <div class=\"ui-e-wrap\">\n                    \n                    \n                    <div class=\"ui-e-content\">\n                        <h4 class=\"ui-e-title\">\n                            Defesa em autos de infra\u00e7\u00e3o e processos administrativos                        <\/h4>\n                        <p class=\"ui-e-text\"> Representa\u00e7\u00e3o da empresa em contesta\u00e7\u00f5es, recursos e fiscaliza\u00e7\u00f5es do INSS e Receita Federal. <\/p>\n                    <\/div>\n\n                    \n                    <\/div>\n                <\/li>\n                            <li >\n\n                    <div class=\"ui-e-wrap\">\n                    \n                    \n                    <div class=\"ui-e-content\">\n                        <h4 class=\"ui-e-title\">\n                            Preven\u00e7\u00e3o de riscos e passivos previdenci\u00e1rios                        <\/h4>\n                        <p class=\"ui-e-text\"> Diagn\u00f3stico jur\u00eddico e alinhamento de processos internos para minimizar vulnerabilidades. <\/p>\n                    <\/div>\n\n                    \n                    <\/div>\n                <\/li>\n                    <\/ul>\n\t\t\t\t<\/div>\n\t\t\t\t<\/div>\n\t\t\t\t<\/div>\n\t\t\t\t\t<\/div>\n\t\t\t\t<\/div>\n\t\t\t\t<\/div>\n\t\t","protected":false},"excerpt":{"rendered":"<p>Pensada para oferecer seguran\u00e7a e respaldo completo Nossa assessoria previdenci\u00e1ria busca garantir que sua empresa esteja em dia com suas obriga\u00e7\u00f5es legais, [&hellip;]<\/p>\n","protected":false},"author":1,"featured_media":0,"parent":9835,"menu_order":0,"comment_status":"closed","ping_status":"closed","template":"","meta":{"_acf_changed":false,"iawp_total_views":15,"footnotes":""},"class_list":["post-10719","page","type-page","status-publish","hentry"],"acf":[],"_links":{"self":[{"href":"https:\/\/www.campal.com.br\/site\/wp-json\/wp\/v2\/pages\/10719","targetHints":{"allow":["GET"]}}],"collection":[{"href":"https:\/\/www.campal.com.br\/site\/wp-json\/wp\/v2\/pages"}],"about":[{"href":"https:\/\/www.campal.com.br\/site\/wp-json\/wp\/v2\/types\/page"}],"author":[{"embeddable":true,"href":"https:\/\/www.campal.com.br\/site\/wp-json\/wp\/v2\/users\/1"}],"replies":[{"embeddable":true,"href":"https:\/\/www.campal.com.br\/site\/wp-json\/wp\/v2\/comments?post=10719"}],"version-history":[{"count":0,"href":"https:\/\/www.campal.com.br\/site\/wp-json\/wp\/v2\/pages\/10719\/revisions"}],"up":[{"embeddable":true,"href":"https:\/\/www.campal.com.br\/site\/wp-json\/wp\/v2\/pages\/9835"}],"wp:attachment":[{"href":"https:\/\/www.campal.com.br\/site\/wp-json\/wp\/v2\/media?parent=10719"}],"curies":[{"name":"wp","href":"https:\/\/api.w.org\/{rel}","templated":true}]}}